{"id":114,"date":"2025-10-22T15:19:49","date_gmt":"2025-10-22T13:19:49","guid":{"rendered":"https:\/\/www.vetpro.at\/?page_id=114"},"modified":"2026-04-14T22:06:17","modified_gmt":"2026-04-14T20:06:17","slug":"vetpro-3","status":"publish","type":"page","link":"https:\/\/www.vetpro.at\/en\/","title":{"rendered":"Home"},"content":{"rendered":"\t\t<div data-elementor-type=\"wp-page\" data-elementor-id=\"114\" class=\"elementor elementor-114\" data-elementor-post-type=\"page\">\n\t\t\t\t<div class=\"elementor-element elementor-element-18529e1 e-con-full e-flex e-con e-parent\" data-id=\"18529e1\" data-element_type=\"container\" data-e-type=\"container\" data-settings=\"{&quot;background_background&quot;:&quot;video&quot;,&quot;background_video_link&quot;:&quot;https:\\\/\\\/www.youtube.com\\\/watch?v=qMm0DsYkibc&quot;,&quot;background_video_start&quot;:0,&quot;background_video_end&quot;:6,&quot;background_play_on_mobile&quot;:&quot;yes&quot;}\">\n\t\t<div class=\"elementor-background-video-container\">\n\t\t\t\t\t\t\t<div class=\"elementor-background-video-embed\" role=\"presentation\"><\/div>\n\t\t\t\t\t\t<\/div>\t\t<\/div>\n\t\t<div class=\"elementor-element elementor-element-97ee4fd e-flex e-con-boxed e-con e-parent\" data-id=\"97ee4fd\" data-element_type=\"container\" data-e-type=\"container\" data-settings=\"{&quot;background_background&quot;:&quot;classic&quot;}\">\n\t\t\t\t\t<div class=\"e-con-inner\">\n\t\t\t\t\t<\/div>\n\t\t\t\t<\/div>\n\t\t<div class=\"elementor-element elementor-element-fd9c453 e-flex e-con-boxed e-con e-parent\" data-id=\"fd9c453\" data-element_type=\"container\" data-e-type=\"container\" data-settings=\"{&quot;background_background&quot;:&quot;classic&quot;}\">\n\t\t\t\t\t<div class=\"e-con-inner\">\n\t\t\t\t\t<\/div>\n\t\t\t\t<\/div>\n\t\t<div class=\"elementor-element elementor-element-3b9ed86 e-con-full e-flex e-con e-parent\" data-id=\"3b9ed86\" data-element_type=\"container\" data-e-type=\"container\" data-settings=\"{&quot;background_background&quot;:&quot;classic&quot;}\">\n\t\t\t\t<\/div>\n\t\t<div class=\"elementor-element elementor-element-9ffd124 e-grid e-con-boxed e-con e-parent\" data-id=\"9ffd124\" data-element_type=\"container\" data-e-type=\"container\" data-settings=\"{&quot;background_background&quot;:&quot;classic&quot;}\">\n\t\t\t\t\t<div class=\"e-con-inner\">\n\t\t<div class=\"elementor-element elementor-element-6a709c3 e-con-full e-flex e-con e-child\" data-id=\"6a709c3\" data-element_type=\"container\" data-e-type=\"container\" data-settings=\"{&quot;background_background&quot;:&quot;classic&quot;,&quot;motion_fx_motion_fx_scrolling&quot;:&quot;yes&quot;,&quot;motion_fx_translateY_effect&quot;:&quot;yes&quot;,&quot;motion_fx_translateY_speed&quot;:{&quot;unit&quot;:&quot;px&quot;,&quot;size&quot;:4,&quot;sizes&quot;:[]},&quot;motion_fx_translateY_affectedRange&quot;:{&quot;unit&quot;:&quot;%&quot;,&quot;size&quot;:&quot;&quot;,&quot;sizes&quot;:{&quot;start&quot;:0,&quot;end&quot;:100}},&quot;motion_fx_devices&quot;:[&quot;desktop&quot;,&quot;tablet&quot;,&quot;mobile&quot;]}\">\n\t\t\t\t<div class=\"elementor-element elementor-element-0730f4f elementor-view-default elementor-widget elementor-widget-icon\" data-id=\"0730f4f\" data-element_type=\"widget\" data-e-type=\"widget\" data-widget_type=\"icon.default\">\n\t\t\t\t<div class=\"elementor-widget-container\">\n\t\t\t\t\t\t\t<div class=\"elementor-icon-wrapper\">\n\t\t\t<div class=\"elementor-icon\">\n\t\t\t<i aria-hidden=\"true\" class=\"icon icon-diamond1\"><\/i>\t\t\t<\/div>\n\t\t<\/div>\n\t\t\t\t\t\t<\/div>\n\t\t\t\t<\/div>\n\t\t\t\t<div class=\"elementor-element elementor-element-2fb4308 elementor-invisible elementor-widget elementor-widget-heading\" data-id=\"2fb4308\" data-element_type=\"widget\" data-e-type=\"widget\" data-settings=\"{&quot;motion_fx_motion_fx_scrolling&quot;:&quot;yes&quot;,&quot;_animation&quot;:&quot;fadeInLeft&quot;,&quot;motion_fx_devices&quot;:[&quot;desktop&quot;,&quot;tablet&quot;,&quot;mobile&quot;]}\" data-widget_type=\"heading.default\">\n\t\t\t\t<div class=\"elementor-widget-container\">\n\t\t\t\t\t<h2 class=\"elementor-heading-title elementor-size-default\">Vision und Leitbild<\/h2>\t\t\t\t<\/div>\n\t\t\t\t<\/div>\n\t\t\t\t<div class=\"elementor-element elementor-element-9ad04f6 elementor-invisible elementor-widget elementor-widget-text-editor\" data-id=\"9ad04f6\" data-element_type=\"widget\" data-e-type=\"widget\" data-settings=\"{&quot;_animation&quot;:&quot;fadeInRight&quot;}\" data-widget_type=\"text-editor.default\">\n\t\t\t\t<div class=\"elementor-widget-container\">\n\t\t\t\t\t\t\t\t\t<p>Es ist unsere \u00dcberzeugung, dass durch partnerschaftliche Zusammenarbeit die Qualit\u00e4t der tier\u00e4rztlichen Arbeit und das Tierwohl in Ruanda verbessert werden kann. Dabei sind f\u00fcr uns der respektvolle und wertsch\u00e4tzende Umgang mit den Menschen und die tierschutzgerechte Behandlung der Tiere essentiell.<\/p>\t\t\t\t\t\t\t\t<\/div>\n\t\t\t\t<\/div>\n\t\t\t\t<div class=\"elementor-element elementor-element-9f5ac05 elementor-align-center elementor-invisible elementor-widget elementor-widget-button\" data-id=\"9f5ac05\" data-element_type=\"widget\" data-e-type=\"widget\" data-settings=\"{&quot;_animation&quot;:&quot;fadeIn&quot;}\" data-widget_type=\"button.default\">\n\t\t\t\t<div class=\"elementor-widget-container\">\n\t\t\t\t\t\t\t\t\t<div class=\"elementor-button-wrapper\">\n\t\t\t\t\t<a class=\"elementor-button elementor-button-link elementor-size-sm\" href=\"https:\/\/www.vetpro.at\/vetpro-ruanda\">\n\t\t\t\t\t\t<span class=\"elementor-button-content-wrapper\">\n\t\t\t\t\t\t\t\t\t<span class=\"elementor-button-text\">Lernen Sie uns kennen<\/span>\n\t\t\t\t\t<\/span>\n\t\t\t\t\t<\/a>\n\t\t\t\t<\/div>\n\t\t\t\t\t\t\t\t<\/div>\n\t\t\t\t<\/div>\n\t\t\t\t<\/div>\n\t\t<div class=\"elementor-element elementor-element-17ac4cf e-con-full e-flex e-con e-child\" data-id=\"17ac4cf\" data-element_type=\"container\" data-e-type=\"container\" data-settings=\"{&quot;background_background&quot;:&quot;classic&quot;,&quot;motion_fx_motion_fx_scrolling&quot;:&quot;yes&quot;,&quot;motion_fx_translateY_effect&quot;:&quot;yes&quot;,&quot;motion_fx_translateY_speed&quot;:{&quot;unit&quot;:&quot;px&quot;,&quot;size&quot;:4,&quot;sizes&quot;:[]},&quot;motion_fx_translateY_affectedRange&quot;:{&quot;unit&quot;:&quot;%&quot;,&quot;size&quot;:&quot;&quot;,&quot;sizes&quot;:{&quot;start&quot;:0,&quot;end&quot;:100}},&quot;motion_fx_devices&quot;:[&quot;desktop&quot;,&quot;tablet&quot;,&quot;mobile&quot;]}\">\n\t\t\t\t<div class=\"elementor-element elementor-element-c4c9ab7 elementor-view-default elementor-widget elementor-widget-icon\" data-id=\"c4c9ab7\" data-element_type=\"widget\" data-e-type=\"widget\" data-widget_type=\"icon.default\">\n\t\t\t\t<div class=\"elementor-widget-container\">\n\t\t\t\t\t\t\t<div class=\"elementor-icon-wrapper\">\n\t\t\t<div class=\"elementor-icon\">\n\t\t\t<i aria-hidden=\"true\" class=\"fas fa-hand-holding-medical\"><\/i>\t\t\t<\/div>\n\t\t<\/div>\n\t\t\t\t\t\t<\/div>\n\t\t\t\t<\/div>\n\t\t\t\t<div class=\"elementor-element elementor-element-7c57595 elementor-invisible elementor-widget elementor-widget-heading\" data-id=\"7c57595\" data-element_type=\"widget\" data-e-type=\"widget\" data-settings=\"{&quot;_animation&quot;:&quot;fadeInLeft&quot;}\" data-widget_type=\"heading.default\">\n\t\t\t\t<div class=\"elementor-widget-container\">\n\t\t\t\t\t<h2 class=\"elementor-heading-title elementor-size-default\">Tiermedizin in Ruanda<\/h2>\t\t\t\t<\/div>\n\t\t\t\t<\/div>\n\t\t\t\t<div class=\"elementor-element elementor-element-e2f9e4b elementor-invisible elementor-widget elementor-widget-text-editor\" data-id=\"e2f9e4b\" data-element_type=\"widget\" data-e-type=\"widget\" data-settings=\"{&quot;_animation&quot;:&quot;fadeInRight&quot;}\" data-widget_type=\"text-editor.default\">\n\t\t\t\t<div class=\"elementor-widget-container\">\n\t\t\t\t\t\t\t\t\tDie Tiermedizin in Ruanda ist ein essentieller Bestandteil des One-Health Konzeptes. Es besteht ein gro\u00dfer Bedarf, die Qualit\u00e4t der tier\u00e4rztlichen T\u00e4tigkeit zu f\u00f6rdern. Dies wird durch die Arbeit von NVVH und VetPro unterst\u00fctzt.\n\t\t\t\t\t\t\t\t<\/div>\n\t\t\t\t<\/div>\n\t\t\t\t<div class=\"elementor-element elementor-element-f31d32d elementor-align-center elementor-invisible elementor-widget elementor-widget-button\" data-id=\"f31d32d\" data-element_type=\"widget\" data-e-type=\"widget\" data-settings=\"{&quot;_animation&quot;:&quot;fadeInUp&quot;}\" data-widget_type=\"button.default\">\n\t\t\t\t<div class=\"elementor-widget-container\">\n\t\t\t\t\t\t\t\t\t<div class=\"elementor-button-wrapper\">\n\t\t\t\t\t<a class=\"elementor-button elementor-button-link elementor-size-sm\" href=\"https:\/\/www.vetpro.at\/bildung-tiermedizin\/\">\n\t\t\t\t\t\t<span class=\"elementor-button-content-wrapper\">\n\t\t\t\t\t\t\t\t\t<span class=\"elementor-button-text\">Mehr Erfahren<\/span>\n\t\t\t\t\t<\/span>\n\t\t\t\t\t<\/a>\n\t\t\t\t<\/div>\n\t\t\t\t\t\t\t\t<\/div>\n\t\t\t\t<\/div>\n\t\t\t\t<\/div>\n\t\t<div class=\"elementor-element elementor-element-0458930 e-con-full e-flex e-con e-child\" data-id=\"0458930\" data-element_type=\"container\" data-e-type=\"container\" data-settings=\"{&quot;background_background&quot;:&quot;classic&quot;,&quot;motion_fx_motion_fx_scrolling&quot;:&quot;yes&quot;,&quot;motion_fx_translateY_effect&quot;:&quot;yes&quot;,&quot;motion_fx_translateY_speed&quot;:{&quot;unit&quot;:&quot;px&quot;,&quot;size&quot;:4,&quot;sizes&quot;:[]},&quot;motion_fx_translateY_affectedRange&quot;:{&quot;unit&quot;:&quot;%&quot;,&quot;size&quot;:&quot;&quot;,&quot;sizes&quot;:{&quot;start&quot;:0,&quot;end&quot;:100}},&quot;motion_fx_devices&quot;:[&quot;desktop&quot;,&quot;tablet&quot;,&quot;mobile&quot;]}\">\n\t\t\t\t<div class=\"elementor-element elementor-element-d04c0ea elementor-view-default elementor-widget elementor-widget-icon\" data-id=\"d04c0ea\" data-element_type=\"widget\" data-e-type=\"widget\" data-widget_type=\"icon.default\">\n\t\t\t\t<div class=\"elementor-widget-container\">\n\t\t\t\t\t\t\t<div class=\"elementor-icon-wrapper\">\n\t\t\t<div class=\"elementor-icon\">\n\t\t\t<i aria-hidden=\"true\" class=\"fas fa-people-carry\"><\/i>\t\t\t<\/div>\n\t\t<\/div>\n\t\t\t\t\t\t<\/div>\n\t\t\t\t<\/div>\n\t\t\t\t<div class=\"elementor-element elementor-element-6d67877 elementor-invisible elementor-widget elementor-widget-heading\" data-id=\"6d67877\" data-element_type=\"widget\" data-e-type=\"widget\" data-settings=\"{&quot;_animation&quot;:&quot;fadeInLeft&quot;}\" data-widget_type=\"heading.default\">\n\t\t\t\t<div class=\"elementor-widget-container\">\n\t\t\t\t\t<h2 class=\"elementor-heading-title elementor-size-default\">Mitarbeit und unterst\u00fctzung<\/h2>\t\t\t\t<\/div>\n\t\t\t\t<\/div>\n\t\t\t\t<div class=\"elementor-element elementor-element-2cc0812 elementor-invisible elementor-widget elementor-widget-text-editor\" data-id=\"2cc0812\" data-element_type=\"widget\" data-e-type=\"widget\" data-settings=\"{&quot;_animation&quot;:&quot;fadeInRight&quot;}\" data-widget_type=\"text-editor.default\">\n\t\t\t\t<div class=\"elementor-widget-container\">\n\t\t\t\t\t\t\t\t\t<p>Die Unterst\u00fctzung des NVVH ist durch Spenden, eine f\u00f6rdernde Mitgliedschaft im Verein VetPro, ggf. auch durch neuwertige Sachspenden m\u00f6glich. Unterst\u00fctzung durch Tier\u00e4rztInnen mit \u00a0Fachexpertise und Vortragspraxis aus allen L\u00e4ndern ist sehr willkommen.\u00a0<\/p>\t\t\t\t\t\t\t\t<\/div>\n\t\t\t\t<\/div>\n\t\t\t\t<div class=\"elementor-element elementor-element-6998725 elementor-align-center elementor-invisible elementor-widget elementor-widget-button\" data-id=\"6998725\" data-element_type=\"widget\" data-e-type=\"widget\" data-settings=\"{&quot;_animation&quot;:&quot;fadeInUp&quot;}\" data-widget_type=\"button.default\">\n\t\t\t\t<div class=\"elementor-widget-container\">\n\t\t\t\t\t\t\t\t\t<div class=\"elementor-button-wrapper\">\n\t\t\t\t\t<a class=\"elementor-button elementor-button-link elementor-size-sm\" href=\"https:\/\/www.vetpro.at\/mitarbeit-unterstuetzung\/#patenschaft\">\n\t\t\t\t\t\t<span class=\"elementor-button-content-wrapper\">\n\t\t\t\t\t\t\t\t\t<span class=\"elementor-button-text\">Jetzt Helfen<\/span>\n\t\t\t\t\t<\/span>\n\t\t\t\t\t<\/a>\n\t\t\t\t<\/div>\n\t\t\t\t\t\t\t\t<\/div>\n\t\t\t\t<\/div>\n\t\t\t\t<\/div>\n\t\t\t\t\t<\/div>\n\t\t\t\t<\/div>\n\t\t<div class=\"elementor-element elementor-element-e2e5550 e-con-full e-flex e-con e-parent\" data-id=\"e2e5550\" data-element_type=\"container\" data-e-type=\"container\" data-settings=\"{&quot;background_background&quot;:&quot;classic&quot;}\">\n\t\t<div class=\"elementor-element elementor-element-e4f589d e-flex e-con-boxed e-con e-child\" data-id=\"e4f589d\" data-element_type=\"container\" data-e-type=\"container\" data-settings=\"{&quot;background_background&quot;:&quot;classic&quot;}\">\n\t\t\t\t\t<div class=\"e-con-inner\">\n\t\t\t\t\t<\/div>\n\t\t\t\t<\/div>\n\t\t\t\t<\/div>\n\t\t<div class=\"elementor-element elementor-element-ea23239 e-grid e-con-boxed e-con e-parent\" data-id=\"ea23239\" data-element_type=\"container\" data-e-type=\"container\" data-settings=\"{&quot;background_background&quot;:&quot;classic&quot;}\">\n\t\t\t\t\t<div class=\"e-con-inner\">\n\t\t\t\t<div class=\"elementor-element elementor-element-9f46f60 elementor-widget elementor-widget-image\" data-id=\"9f46f60\" data-element_type=\"widget\" data-e-type=\"widget\" data-widget_type=\"image.default\">\n\t\t\t\t<div class=\"elementor-widget-container\">\n\t\t\t\t\t\t\t\t\t\t\t\t<figure class=\"wp-caption\">\n\t\t\t\t\t\t\t\t\t\t\t<a href=\"https:\/\/www.vetpro.at\/vetpro-ruanda\/#hdpm\">\n\t\t\t\t\t\t\t<img fetchpriority=\"high\" decoding=\"async\" width=\"682\" height=\"1024\" src=\"https:\/\/www.vetpro.at\/wp-content\/uploads\/2025\/10\/1-1-682x1024.png\" class=\"attachment-large size-large wp-image-7062\" alt=\"\" srcset=\"https:\/\/www.vetpro.at\/wp-content\/uploads\/2025\/10\/1-1-682x1024.png 682w, https:\/\/www.vetpro.at\/wp-content\/uploads\/2025\/10\/1-1-200x300.png 200w, https:\/\/www.vetpro.at\/wp-content\/uploads\/2025\/10\/1-1-768x1153.png 768w, https:\/\/www.vetpro.at\/wp-content\/uploads\/2025\/10\/1-1-1023x1536.png 1023w, https:\/\/www.vetpro.at\/wp-content\/uploads\/2025\/10\/1-1.png 1332w\" sizes=\"(max-width: 682px) 100vw, 682px\" \/>\t\t\t\t\t\t\t\t<\/a>\n\t\t\t\t\t\t\t\t\t\t\t<figcaption class=\"widget-image-caption wp-caption-text\">Humane Dog Population Management<\/figcaption>\n\t\t\t\t\t\t\t\t\t\t<\/figure>\n\t\t\t\t\t\t\t\t\t<\/div>\n\t\t\t\t<\/div>\n\t\t\t\t<div class=\"elementor-element elementor-element-f903db2 elementor-widget-tablet__width-initial elementor-widget elementor-widget-image\" data-id=\"f903db2\" data-element_type=\"widget\" data-e-type=\"widget\" data-widget_type=\"image.default\">\n\t\t\t\t<div class=\"elementor-widget-container\">\n\t\t\t\t\t\t\t\t\t\t\t\t<figure class=\"wp-caption\">\n\t\t\t\t\t\t\t\t\t\t\t<a href=\"http:\/\/www.vetpro.at\/vetpro-ruanda\/#bildung\">\n\t\t\t\t\t\t\t<img decoding=\"async\" width=\"682\" height=\"1024\" src=\"https:\/\/www.vetpro.at\/wp-content\/uploads\/2025\/10\/2-1-682x1024.png\" class=\"attachment-large size-large wp-image-7063\" alt=\"\" srcset=\"https:\/\/www.vetpro.at\/wp-content\/uploads\/2025\/10\/2-1-682x1024.png 682w, https:\/\/www.vetpro.at\/wp-content\/uploads\/2025\/10\/2-1-200x300.png 200w, https:\/\/www.vetpro.at\/wp-content\/uploads\/2025\/10\/2-1-768x1153.png 768w, https:\/\/www.vetpro.at\/wp-content\/uploads\/2025\/10\/2-1-1023x1536.png 1023w, https:\/\/www.vetpro.at\/wp-content\/uploads\/2025\/10\/2-1.png 1332w\" sizes=\"(max-width: 682px) 100vw, 682px\" \/>\t\t\t\t\t\t\t\t<\/a>\n\t\t\t\t\t\t\t\t\t\t\t<figcaption class=\"widget-image-caption wp-caption-text\">Bildung, Wissenstransfer<\/figcaption>\n\t\t\t\t\t\t\t\t\t\t<\/figure>\n\t\t\t\t\t\t\t\t\t<\/div>\n\t\t\t\t<\/div>\n\t\t\t\t\t<\/div>\n\t\t\t\t<\/div>\n\t\t<div class=\"elementor-element elementor-element-59414c1 e-flex e-con-boxed e-con e-parent\" data-id=\"59414c1\" data-element_type=\"container\" data-e-type=\"container\">\n\t\t\t\t\t<div class=\"e-con-inner\">\n\t\t\t\t\t<\/div>\n\t\t\t\t<\/div>\n\t\t<div class=\"elementor-element elementor-element-a7ebbc9 e-flex e-con-boxed e-con e-parent\" data-id=\"a7ebbc9\" data-element_type=\"container\" data-e-type=\"container\" data-settings=\"{&quot;shape_divider_bottom&quot;:&quot;book&quot;}\" data-no-translation=\"\">\n\t\t\t\t\t<div class=\"e-con-inner\">\n\t\t\t\t<div class=\"elementor-shape elementor-shape-bottom\" aria-hidden=\"true\" data-negative=\"false\">\n\t\t\t<svg xmlns=\"http:\/\/www.w3.org\/2000\/svg\" viewBox=\"0 0 1000 100\" preserveAspectRatio=\"none\">\n\t<path class=\"elementor-shape-fill\" d=\"M194,99c186.7,0.7,305-78.3,306-97.2c1,18.9,119.3,97.9,306,97.2c114.3-0.3,194,0.3,194,0.3s0-91.7,0-100c0,0,0,0,0-0 L0,0v99.3C0,99.3,79.7,98.7,194,99z\"\/>\n<\/svg>\t\t<\/div>\n\t\t\t\t\t<\/div>\n\t\t\t\t<\/div>\n\t\t\t\t<\/div>\n\t\t","protected":false},"excerpt":{"rendered":"<p>Vision und Leitbild Es ist unsere \u00dcberzeugung, dass durch partnerschaftliche Zusammenarbeit die Qualit\u00e4t der tier\u00e4rztlichen Arbeit und das Tierwohl in Ruanda verbessert werden kann. Dabei sind f\u00fcr uns der respektvolle und wertsch\u00e4tzende Umgang mit den Menschen und die tierschutzgerechte Behandlung der Tiere essentiell. Lernen Sie uns kennen Tiermedizin in Ruanda Die Tiermedizin in Ruanda ist ein essentieller Bestandteil des One-Health [&hellip;]<\/p>\n","protected":false},"author":3,"featured_media":7430,"parent":0,"menu_order":0,"comment_status":"closed","ping_status":"closed","template":"elementor_header_footer","meta":{"give_campaign_id":0,"footnotes":""},"class_list":["post-114","page","type-page","status-publish","has-post-thumbnail","hentry"],"yoast_head":"<!-- This site is optimized with the Yoast SEO plugin v27.3 - https:\/\/yoast.com\/product\/yoast-seo-wordpress\/ -->\n<title>VetPro - Veterin\u00e4r-Projekt Ruanda<\/title>\n<meta name=\"description\" content=\"Erfahren Sie mehr \u00fcber das Veterin\u00e4r-Projekt Ruanda, das Tiergesundheit, Tierwohl und Artenschutz im Rahmen des One-Health-Konzeptes f\u00f6rdert.\" \/>\n<meta name=\"robots\" content=\"index, follow, max-snippet:-1, max-image-preview:large, max-video-preview:-1\" \/>\n<link rel=\"canonical\" href=\"https:\/\/www.vetpro.at\/en\/\" \/>\n<meta property=\"og:locale\" content=\"en_GB\" \/>\n<meta property=\"og:type\" content=\"article\" \/>\n<meta property=\"og:title\" content=\"VetPro - Veterin\u00e4r-Projekt Ruanda\" \/>\n<meta property=\"og:description\" content=\"Erfahren Sie mehr \u00fcber das Veterin\u00e4r-Projekt Ruanda, das Tiergesundheit, Tierwohl und Artenschutz im Rahmen des One-Health-Konzeptes f\u00f6rdert.\" \/>\n<meta property=\"og:url\" content=\"https:\/\/www.vetpro.at\/en\/\" \/>\n<meta property=\"og:site_name\" content=\"VetPro\" \/>\n<meta property=\"article:modified_time\" content=\"2026-04-14T20:06:17+00:00\" \/>\n<meta property=\"og:image\" content=\"https:\/\/www.vetpro.at\/wp-content\/uploads\/2025\/11\/Logo-VetPro.png\" \/>\n\t<meta property=\"og:image:width\" content=\"286\" \/>\n\t<meta property=\"og:image:height\" content=\"296\" \/>\n\t<meta property=\"og:image:type\" content=\"image\/png\" \/>\n<meta name=\"twitter:card\" content=\"summary_large_image\" \/>\n<meta name=\"twitter:label1\" content=\"Estimated reading time\" \/>\n\t<meta name=\"twitter:data1\" content=\"1 minute\" \/>\n<script type=\"application\/ld+json\" class=\"yoast-schema-graph\">{\"@context\":\"https:\\\/\\\/schema.org\",\"@graph\":[{\"@type\":\"WebPage\",\"@id\":\"https:\\\/\\\/www.vetpro.at\\\/\",\"url\":\"https:\\\/\\\/www.vetpro.at\\\/\",\"name\":\"VetPro - Veterin\u00e4r-Projekt Ruanda\",\"isPartOf\":{\"@id\":\"https:\\\/\\\/www.vetpro.at\\\/#website\"},\"primaryImageOfPage\":{\"@id\":\"https:\\\/\\\/www.vetpro.at\\\/#primaryimage\"},\"image\":{\"@id\":\"https:\\\/\\\/www.vetpro.at\\\/#primaryimage\"},\"thumbnailUrl\":\"https:\\\/\\\/www.vetpro.at\\\/wp-content\\\/uploads\\\/2025\\\/11\\\/Logo-VetPro.png\",\"datePublished\":\"2025-10-22T13:19:49+00:00\",\"dateModified\":\"2026-04-14T20:06:17+00:00\",\"description\":\"Erfahren Sie mehr \u00fcber das Veterin\u00e4r-Projekt Ruanda, das Tiergesundheit, Tierwohl und Artenschutz im Rahmen des One-Health-Konzeptes f\u00f6rdert.\",\"breadcrumb\":{\"@id\":\"https:\\\/\\\/www.vetpro.at\\\/#breadcrumb\"},\"inLanguage\":\"en-GB\",\"potentialAction\":[{\"@type\":\"ReadAction\",\"target\":[\"https:\\\/\\\/www.vetpro.at\\\/\"]}]},{\"@type\":\"ImageObject\",\"inLanguage\":\"en-GB\",\"@id\":\"https:\\\/\\\/www.vetpro.at\\\/#primaryimage\",\"url\":\"https:\\\/\\\/www.vetpro.at\\\/wp-content\\\/uploads\\\/2025\\\/11\\\/Logo-VetPro.png\",\"contentUrl\":\"https:\\\/\\\/www.vetpro.at\\\/wp-content\\\/uploads\\\/2025\\\/11\\\/Logo-VetPro.png\",\"width\":286,\"height\":296},{\"@type\":\"BreadcrumbList\",\"@id\":\"https:\\\/\\\/www.vetpro.at\\\/#breadcrumb\",\"itemListElement\":[{\"@type\":\"ListItem\",\"position\":1,\"name\":\"Home\",\"item\":\"https:\\\/\\\/www.vetpro.at\\\/\"},{\"@type\":\"ListItem\",\"position\":2,\"name\":\"Startseite\"}]},{\"@type\":\"WebSite\",\"@id\":\"https:\\\/\\\/www.vetpro.at\\\/#website\",\"url\":\"https:\\\/\\\/www.vetpro.at\\\/\",\"name\":\"Veterin\u00e4r-Projekt Ruanda\",\"description\":\"Future For Pets in Rwanda\",\"publisher\":{\"@id\":\"https:\\\/\\\/www.vetpro.at\\\/#organization\"},\"alternateName\":\"VetPro\",\"potentialAction\":[{\"@type\":\"SearchAction\",\"target\":{\"@type\":\"EntryPoint\",\"urlTemplate\":\"https:\\\/\\\/www.vetpro.at\\\/?s={search_term_string}\"},\"query-input\":{\"@type\":\"PropertyValueSpecification\",\"valueRequired\":true,\"valueName\":\"search_term_string\"}}],\"inLanguage\":\"en-GB\"},{\"@type\":\"Organization\",\"@id\":\"https:\\\/\\\/www.vetpro.at\\\/#organization\",\"name\":\"Veterin\u00e4r-Projekt Ruanda\",\"url\":\"https:\\\/\\\/www.vetpro.at\\\/\",\"logo\":{\"@type\":\"ImageObject\",\"inLanguage\":\"en-GB\",\"@id\":\"https:\\\/\\\/www.vetpro.at\\\/#\\\/schema\\\/logo\\\/image\\\/\",\"url\":\"https:\\\/\\\/www.vetpro.at\\\/wp-content\\\/uploads\\\/2022\\\/12\\\/VeterinarProjekt-Ruanda-Logo-Web-transp-high-textright.png\",\"contentUrl\":\"https:\\\/\\\/www.vetpro.at\\\/wp-content\\\/uploads\\\/2022\\\/12\\\/VeterinarProjekt-Ruanda-Logo-Web-transp-high-textright.png\",\"width\":1600,\"height\":376,\"caption\":\"Veterin\u00e4r-Projekt Ruanda\"},\"image\":{\"@id\":\"https:\\\/\\\/www.vetpro.at\\\/#\\\/schema\\\/logo\\\/image\\\/\"},\"sameAs\":[\"https:\\\/\\\/linkedin.com\\\/company\\\/vetpro-ruanda\"]}]}<\/script>\n<!-- \/ Yoast SEO plugin. -->","yoast_head_json":{"title":"VetPro - Veterin\u00e4r-Projekt Ruanda","description":"Erfahren Sie mehr \u00fcber das Veterin\u00e4r-Projekt Ruanda, das Tiergesundheit, Tierwohl und Artenschutz im Rahmen des One-Health-Konzeptes f\u00f6rdert.","robots":{"index":"index","follow":"follow","max-snippet":"max-snippet:-1","max-image-preview":"max-image-preview:large","max-video-preview":"max-video-preview:-1"},"canonical":"https:\/\/www.vetpro.at\/en\/","og_locale":"en_GB","og_type":"article","og_title":"VetPro - Veterin\u00e4r-Projekt Ruanda","og_description":"Erfahren Sie mehr \u00fcber das Veterin\u00e4r-Projekt Ruanda, das Tiergesundheit, Tierwohl und Artenschutz im Rahmen des One-Health-Konzeptes f\u00f6rdert.","og_url":"https:\/\/www.vetpro.at\/en\/","og_site_name":"VetPro","article_modified_time":"2026-04-14T20:06:17+00:00","og_image":[{"width":286,"height":296,"url":"https:\/\/www.vetpro.at\/wp-content\/uploads\/2025\/11\/Logo-VetPro.png","type":"image\/png"}],"twitter_card":"summary_large_image","twitter_misc":{"Estimated reading time":"1 minute"},"schema":{"@context":"https:\/\/schema.org","@graph":[{"@type":"WebPage","@id":"https:\/\/www.vetpro.at\/","url":"https:\/\/www.vetpro.at\/","name":"VetPro - Veterin\u00e4r-Projekt Ruanda","isPartOf":{"@id":"https:\/\/www.vetpro.at\/#website"},"primaryImageOfPage":{"@id":"https:\/\/www.vetpro.at\/#primaryimage"},"image":{"@id":"https:\/\/www.vetpro.at\/#primaryimage"},"thumbnailUrl":"https:\/\/www.vetpro.at\/wp-content\/uploads\/2025\/11\/Logo-VetPro.png","datePublished":"2025-10-22T13:19:49+00:00","dateModified":"2026-04-14T20:06:17+00:00","description":"Erfahren Sie mehr \u00fcber das Veterin\u00e4r-Projekt Ruanda, das Tiergesundheit, Tierwohl und Artenschutz im Rahmen des One-Health-Konzeptes f\u00f6rdert.","breadcrumb":{"@id":"https:\/\/www.vetpro.at\/#breadcrumb"},"inLanguage":"en-GB","potentialAction":[{"@type":"ReadAction","target":["https:\/\/www.vetpro.at\/"]}]},{"@type":"ImageObject","inLanguage":"en-GB","@id":"https:\/\/www.vetpro.at\/#primaryimage","url":"https:\/\/www.vetpro.at\/wp-content\/uploads\/2025\/11\/Logo-VetPro.png","contentUrl":"https:\/\/www.vetpro.at\/wp-content\/uploads\/2025\/11\/Logo-VetPro.png","width":286,"height":296},{"@type":"BreadcrumbList","@id":"https:\/\/www.vetpro.at\/#breadcrumb","itemListElement":[{"@type":"ListItem","position":1,"name":"Home","item":"https:\/\/www.vetpro.at\/"},{"@type":"ListItem","position":2,"name":"Startseite"}]},{"@type":"WebSite","@id":"https:\/\/www.vetpro.at\/#website","url":"https:\/\/www.vetpro.at\/","name":"Veterin\u00e4r-Projekt Ruanda","description":"Future For Pets in Rwanda","publisher":{"@id":"https:\/\/www.vetpro.at\/#organization"},"alternateName":"VetPro","potentialAction":[{"@type":"SearchAction","target":{"@type":"EntryPoint","urlTemplate":"https:\/\/www.vetpro.at\/?s={search_term_string}"},"query-input":{"@type":"PropertyValueSpecification","valueRequired":true,"valueName":"search_term_string"}}],"inLanguage":"en-GB"},{"@type":"Organization","@id":"https:\/\/www.vetpro.at\/#organization","name":"Veterin\u00e4r-Projekt Ruanda","url":"https:\/\/www.vetpro.at\/","logo":{"@type":"ImageObject","inLanguage":"en-GB","@id":"https:\/\/www.vetpro.at\/#\/schema\/logo\/image\/","url":"https:\/\/www.vetpro.at\/wp-content\/uploads\/2022\/12\/VeterinarProjekt-Ruanda-Logo-Web-transp-high-textright.png","contentUrl":"https:\/\/www.vetpro.at\/wp-content\/uploads\/2022\/12\/VeterinarProjekt-Ruanda-Logo-Web-transp-high-textright.png","width":1600,"height":376,"caption":"Veterin\u00e4r-Projekt Ruanda"},"image":{"@id":"https:\/\/www.vetpro.at\/#\/schema\/logo\/image\/"},"sameAs":["https:\/\/linkedin.com\/company\/vetpro-ruanda"]}]}},"campaignId":"","_links":{"self":[{"href":"https:\/\/www.vetpro.at\/en\/wp-json\/wp\/v2\/pages\/114","targetHints":{"allow":["GET"]}}],"collection":[{"href":"https:\/\/www.vetpro.at\/en\/wp-json\/wp\/v2\/pages"}],"about":[{"href":"https:\/\/www.vetpro.at\/en\/wp-json\/wp\/v2\/types\/page"}],"author":[{"embeddable":true,"href":"https:\/\/www.vetpro.at\/en\/wp-json\/wp\/v2\/users\/3"}],"replies":[{"embeddable":true,"href":"https:\/\/www.vetpro.at\/en\/wp-json\/wp\/v2\/comments?post=114"}],"version-history":[{"count":1657,"href":"https:\/\/www.vetpro.at\/en\/wp-json\/wp\/v2\/pages\/114\/revisions"}],"predecessor-version":[{"id":7687,"href":"https:\/\/www.vetpro.at\/en\/wp-json\/wp\/v2\/pages\/114\/revisions\/7687"}],"wp:featuredmedia":[{"embeddable":true,"href":"https:\/\/www.vetpro.at\/en\/wp-json\/wp\/v2\/media\/7430"}],"wp:attachment":[{"href":"https:\/\/www.vetpro.at\/en\/wp-json\/wp\/v2\/media?parent=114"}],"curies":[{"name":"wp","href":"https:\/\/api.w.org\/{rel}","templated":true}]}}