{"id":1941,"date":"2024-02-06T15:25:07","date_gmt":"2024-02-06T14:25:07","guid":{"rendered":"https:\/\/www.vetpro.at\/?page_id=1941"},"modified":"2025-10-30T22:48:29","modified_gmt":"2025-10-30T21:48:29","slug":"impressum","status":"publish","type":"page","link":"https:\/\/www.vetpro.at\/en\/impressum\/","title":{"rendered":"Impressum"},"content":{"rendered":"<div data-elementor-type=\"wp-page\" data-elementor-id=\"1941\" class=\"elementor elementor-1941\" data-elementor-post-type=\"page\">\n\t\t\t\t<div class=\"elementor-element elementor-element-5b42d51 e-flex e-con-boxed e-con e-parent\" data-id=\"5b42d51\" data-element_type=\"container\" data-e-type=\"container\">\n\t\t\t\t\t<div class=\"e-con-inner\">\n\t\t<div class=\"elementor-element elementor-element-bb512b9 e-con-full e-flex e-con e-child\" data-id=\"bb512b9\" data-element_type=\"container\" data-e-type=\"container\" data-settings=\"{&quot;background_background&quot;:&quot;classic&quot;}\">\n\t\t\t\t<div class=\"elementor-element elementor-element-d9ad985 elementor-widget elementor-widget-sina_title\" data-id=\"d9ad985\" data-element_type=\"widget\" data-e-type=\"widget\" data-widget_type=\"sina_title.default\">\n\t\t\t\t<div class=\"elementor-widget-container\">\n\t\t\t\t\t\t\t<div class=\"sina-title\">\r\n\t\t\t\r\n\t\t\t\r\n\t\t\t\r\n\t\t\t\t\t\t\t<h3 class=\"sina-title-subtitle\">Impressum<\/h3>\t\t\t\r\n\t\t\t\t\t<\/div><!-- .sina-title -->\r\n\t\t\t\t\t\t<\/div>\n\t\t\t\t<\/div>\n\t\t\t\t<div class=\"elementor-element elementor-element-daa3e20 elementor-widget elementor-widget-spacer\" data-id=\"daa3e20\" data-element_type=\"widget\" data-e-type=\"widget\" data-widget_type=\"spacer.default\">\n\t\t\t\t<div class=\"elementor-widget-container\">\n\t\t\t\t\t\t\t<div class=\"elementor-spacer\">\n\t\t\t<div class=\"elementor-spacer-inner\"><\/div>\n\t\t<\/div>\n\t\t\t\t\t\t<\/div>\n\t\t\t\t<\/div>\n\t\t\t\t<div class=\"elementor-element elementor-element-ad9fa89 elementor-widget elementor-widget-heading\" data-id=\"ad9fa89\" data-element_type=\"widget\" data-e-type=\"widget\" data-widget_type=\"heading.default\">\n\t\t\t\t<div class=\"elementor-widget-container\">\n\t\t\t\t\t<h2 class=\"elementor-heading-title elementor-size-default\">Association Details<\/h2>\t\t\t\t<\/div>\n\t\t\t\t<\/div>\n\t\t\t\t<div class=\"elementor-element elementor-element-748c790 elementor-widget-divider--view-line elementor-widget elementor-widget-divider\" data-id=\"748c790\" data-element_type=\"widget\" data-e-type=\"widget\" data-widget_type=\"divider.default\">\n\t\t\t\t<div class=\"elementor-widget-container\">\n\t\t\t\t\t\t\t<div class=\"elementor-divider\">\n\t\t\t<span class=\"elementor-divider-separator\">\n\t\t\t\t\t\t<\/span>\n\t\t<\/div>\n\t\t\t\t\t\t<\/div>\n\t\t\t\t<\/div>\n\t\t\t\t<div class=\"elementor-element elementor-element-eecf4bf elementor-widget__width-initial elementor-widget elementor-widget-text-editor\" data-id=\"eecf4bf\" data-element_type=\"widget\" data-e-type=\"widget\" data-widget_type=\"text-editor.default\">\n\t\t\t\t<div class=\"elementor-widget-container\">\n\t\t\t\t\t\t\t\t\t<p><strong>Association Name:\u00a0<\/strong><\/p><p>Veterin\u00e4r-Projekt Ruanda &#8211; united vets friendship group<\/p><p><strong>ZVR Number (Association Registration Number):<\/strong><\/p><p>1694302156<\/p><p><strong>Registered Office:\u00a0<\/strong><\/p><p>2100 Korneuburg, Feldgasse 8<\/p><p><strong>Jurisdiction:\u00a0<\/strong><\/p><p>District Authority Korneuburg<\/p><p><strong>Date of Establishment:\u00a0<\/strong><\/p><p>28.5.2021<\/p><p><strong>Statutory Representation Rule:<\/strong><\/p><p>Authorized to represent the association individually. The Treasurer, like the President, is individually authorized to sign on behalf of the association\u2019s bank account. In the event of their absence, their respective deputies\u2014if appointed\u2014assume these responsibilities.<\/p>\t\t\t\t\t\t\t\t<\/div>\n\t\t\t\t<\/div>\n\t\t\t\t<div class=\"elementor-element elementor-element-85e34b5 elementor-widget elementor-widget-spacer\" data-id=\"85e34b5\" data-element_type=\"widget\" data-e-type=\"widget\" data-widget_type=\"spacer.default\">\n\t\t\t\t<div class=\"elementor-widget-container\">\n\t\t\t\t\t\t\t<div class=\"elementor-spacer\">\n\t\t\t<div class=\"elementor-spacer-inner\"><\/div>\n\t\t<\/div>\n\t\t\t\t\t\t<\/div>\n\t\t\t\t<\/div>\n\t\t\t\t<div class=\"elementor-element elementor-element-5b84f03 elementor-widget elementor-widget-heading\" data-id=\"5b84f03\" data-element_type=\"widget\" data-e-type=\"widget\" data-widget_type=\"heading.default\">\n\t\t\t\t<div class=\"elementor-widget-container\">\n\t\t\t\t\t<h2 class=\"elementor-heading-title elementor-size-default\">Organizational Representatives<\/h2>\t\t\t\t<\/div>\n\t\t\t\t<\/div>\n\t\t\t\t<div class=\"elementor-element elementor-element-304e7af elementor-widget-divider--view-line elementor-widget elementor-widget-divider\" data-id=\"304e7af\" data-element_type=\"widget\" data-e-type=\"widget\" data-widget_type=\"divider.default\">\n\t\t\t\t<div class=\"elementor-widget-container\">\n\t\t\t\t\t\t\t<div class=\"elementor-divider\">\n\t\t\t<span class=\"elementor-divider-separator\">\n\t\t\t\t\t\t<\/span>\n\t\t<\/div>\n\t\t\t\t\t\t<\/div>\n\t\t\t\t<\/div>\n\t\t\t\t<div class=\"elementor-element elementor-element-e7c4d2a elementor-widget elementor-widget-text-editor\" data-id=\"e7c4d2a\" data-element_type=\"widget\" data-e-type=\"widget\" data-widget_type=\"text-editor.default\">\n\t\t\t\t<div class=\"elementor-widget-container\">\n\t\t\t\t\t\t\t\t\t<p><strong>President:<\/strong><\/p>\n<p><strong><\/strong>Dr. Otto Wolfgang Fischer<\/p>\n<p><strong>Vice President:&nbsp;<\/strong><\/p>\n<p>Dr. Thomas Oskar Schwarzmann<\/p>\n<p><strong>Treasurer:&nbsp;<\/strong><\/p>\n<p> Bsc Florian Wallner<\/p>\n<p><strong>Data Protection Officer:<\/strong><\/p>\n<p><strong><\/strong>Dr. Thomas Oskar Schwarzmann<\/p>\n<p><strong>Beauftragter f\u00fcr Werbema\u00dfnahmen:&nbsp;<\/strong><\/p>\n<p>Dr. Otto Wolfgang Fischer<\/p>\t\t\t\t\t\t\t\t<\/div>\n\t\t\t\t<\/div>\n\t\t\t\t<div class=\"elementor-element elementor-element-f0e1849 elementor-widget elementor-widget-text-editor\" data-id=\"f0e1849\" data-element_type=\"widget\" data-e-type=\"widget\" data-widget_type=\"text-editor.default\">\n\t\t\t\t<div class=\"elementor-widget-container\">\n\t\t\t\t\t\t\t\t\t<p><u><a href=\"\/wp-content\/uploads\/2025\/Vereinsregisterauszug_c17fc756-952e-4dc4-8cc7-4547b49787dc.pdf\">Excerpt from the Association Register<\/a><\/u><\/p>\t\t\t\t\t\t\t\t<\/div>\n\t\t\t\t<\/div>\n\t\t\t\t<\/div>\n\t\t\t\t\t<\/div>\n\t\t\t\t<\/div>\n\t\t\t\t<\/div>","protected":false},"excerpt":{"rendered":"<p>Impressum Vereinsdaten Vereinsname:\u00a0 Veterin\u00e4r-Projekt Ruanda &#8211; united vets friendship group ZVR-Zahl: 1694302156 Sitz:\u00a0 2100 Korneuburg, Feldgasse 8 Zust\u00e4ndigkeit:\u00a0 Bezirkshauptmannschaft Korneuburg Entstehungsdatum:\u00a0 28.5.2021 Statutenm\u00e4\u00dfige Vertretungsregelung: Einzelzeichnungsbefugnis vertreten. Der Kassier\/die Kassierin ist wie auch der Pr\u00e4sident\/die Pr\u00e4sidentin f\u00fcr das Vereinskonto einzelzeichnungsberechtigt. Im Falle der Verhinderung treten an die Stelle der Pr\u00e4sidentin\/des Pr\u00e4sidenten und des Kassiers\/der Kassierin ihr\/ihre Stellvertreter\/in, wenn solche bestellt wurden. [&hellip;]<\/p>\n","protected":false},"author":3,"featured_media":0,"parent":0,"menu_order":0,"comment_status":"closed","ping_status":"closed","template":"elementor_header_footer","meta":{"give_campaign_id":0,"footnotes":""},"class_list":["post-1941","page","type-page","status-publish","hentry"],"yoast_head":"<!-- This site is optimized with the Yoast SEO plugin v27.3 - https:\/\/yoast.com\/product\/yoast-seo-wordpress\/ -->\n<title>Impressum | VetPro<\/title>\n<meta name=\"description\" content=\"%excerpt%\" \/>\n<meta name=\"robots\" content=\"index, follow, max-snippet:-1, max-image-preview:large, max-video-preview:-1\" \/>\n<link rel=\"canonical\" href=\"https:\/\/www.vetpro.at\/en\/impressum\/\" \/>\n<meta property=\"og:locale\" content=\"en_GB\" \/>\n<meta property=\"og:type\" content=\"article\" \/>\n<meta property=\"og:title\" content=\"Impressum | VetPro\" \/>\n<meta property=\"og:description\" content=\"%excerpt%\" \/>\n<meta property=\"og:url\" content=\"https:\/\/www.vetpro.at\/en\/impressum\/\" \/>\n<meta property=\"og:site_name\" content=\"VetPro\" \/>\n<meta property=\"article:modified_time\" content=\"2025-10-30T21:48:29+00:00\" \/>\n<meta name=\"twitter:card\" content=\"summary_large_image\" \/>\n<meta name=\"twitter:label1\" content=\"Estimated reading time\" \/>\n\t<meta name=\"twitter:data1\" content=\"1 minute\" \/>\n<script type=\"application\/ld+json\" class=\"yoast-schema-graph\">{\"@context\":\"https:\\\/\\\/schema.org\",\"@graph\":[{\"@type\":\"WebPage\",\"@id\":\"https:\\\/\\\/www.vetpro.at\\\/impressum\\\/\",\"url\":\"https:\\\/\\\/www.vetpro.at\\\/impressum\\\/\",\"name\":\"Impressum | VetPro\",\"isPartOf\":{\"@id\":\"https:\\\/\\\/www.vetpro.at\\\/#website\"},\"datePublished\":\"2024-02-06T14:25:07+00:00\",\"dateModified\":\"2025-10-30T21:48:29+00:00\",\"description\":\"%excerpt%\",\"breadcrumb\":{\"@id\":\"https:\\\/\\\/www.vetpro.at\\\/impressum\\\/#breadcrumb\"},\"inLanguage\":\"en-GB\",\"potentialAction\":[{\"@type\":\"ReadAction\",\"target\":[\"https:\\\/\\\/www.vetpro.at\\\/impressum\\\/\"]}]},{\"@type\":\"BreadcrumbList\",\"@id\":\"https:\\\/\\\/www.vetpro.at\\\/impressum\\\/#breadcrumb\",\"itemListElement\":[{\"@type\":\"ListItem\",\"position\":1,\"name\":\"Home\",\"item\":\"https:\\\/\\\/www.vetpro.at\\\/\"},{\"@type\":\"ListItem\",\"position\":2,\"name\":\"Impressum\"}]},{\"@type\":\"WebSite\",\"@id\":\"https:\\\/\\\/www.vetpro.at\\\/#website\",\"url\":\"https:\\\/\\\/www.vetpro.at\\\/\",\"name\":\"Veterin\u00e4r-Projekt Ruanda\",\"description\":\"Future For Pets in Rwanda\",\"publisher\":{\"@id\":\"https:\\\/\\\/www.vetpro.at\\\/#organization\"},\"alternateName\":\"VetPro\",\"potentialAction\":[{\"@type\":\"SearchAction\",\"target\":{\"@type\":\"EntryPoint\",\"urlTemplate\":\"https:\\\/\\\/www.vetpro.at\\\/?s={search_term_string}\"},\"query-input\":{\"@type\":\"PropertyValueSpecification\",\"valueRequired\":true,\"valueName\":\"search_term_string\"}}],\"inLanguage\":\"en-GB\"},{\"@type\":\"Organization\",\"@id\":\"https:\\\/\\\/www.vetpro.at\\\/#organization\",\"name\":\"Veterin\u00e4r-Projekt Ruanda\",\"url\":\"https:\\\/\\\/www.vetpro.at\\\/\",\"logo\":{\"@type\":\"ImageObject\",\"inLanguage\":\"en-GB\",\"@id\":\"https:\\\/\\\/www.vetpro.at\\\/#\\\/schema\\\/logo\\\/image\\\/\",\"url\":\"https:\\\/\\\/www.vetpro.at\\\/wp-content\\\/uploads\\\/2022\\\/12\\\/VeterinarProjekt-Ruanda-Logo-Web-transp-high-textright.png\",\"contentUrl\":\"https:\\\/\\\/www.vetpro.at\\\/wp-content\\\/uploads\\\/2022\\\/12\\\/VeterinarProjekt-Ruanda-Logo-Web-transp-high-textright.png\",\"width\":1600,\"height\":376,\"caption\":\"Veterin\u00e4r-Projekt Ruanda\"},\"image\":{\"@id\":\"https:\\\/\\\/www.vetpro.at\\\/#\\\/schema\\\/logo\\\/image\\\/\"},\"sameAs\":[\"https:\\\/\\\/linkedin.com\\\/company\\\/vetpro-ruanda\"]}]}<\/script>\n<!-- \/ Yoast SEO plugin. -->","yoast_head_json":{"title":"Impressum | VetPro","description":"%excerpt%","robots":{"index":"index","follow":"follow","max-snippet":"max-snippet:-1","max-image-preview":"max-image-preview:large","max-video-preview":"max-video-preview:-1"},"canonical":"https:\/\/www.vetpro.at\/en\/impressum\/","og_locale":"en_GB","og_type":"article","og_title":"Impressum | VetPro","og_description":"%excerpt%","og_url":"https:\/\/www.vetpro.at\/en\/impressum\/","og_site_name":"VetPro","article_modified_time":"2025-10-30T21:48:29+00:00","twitter_card":"summary_large_image","twitter_misc":{"Estimated reading time":"1 minute"},"schema":{"@context":"https:\/\/schema.org","@graph":[{"@type":"WebPage","@id":"https:\/\/www.vetpro.at\/impressum\/","url":"https:\/\/www.vetpro.at\/impressum\/","name":"Impressum | VetPro","isPartOf":{"@id":"https:\/\/www.vetpro.at\/#website"},"datePublished":"2024-02-06T14:25:07+00:00","dateModified":"2025-10-30T21:48:29+00:00","description":"%excerpt%","breadcrumb":{"@id":"https:\/\/www.vetpro.at\/impressum\/#breadcrumb"},"inLanguage":"en-GB","potentialAction":[{"@type":"ReadAction","target":["https:\/\/www.vetpro.at\/impressum\/"]}]},{"@type":"BreadcrumbList","@id":"https:\/\/www.vetpro.at\/impressum\/#breadcrumb","itemListElement":[{"@type":"ListItem","position":1,"name":"Home","item":"https:\/\/www.vetpro.at\/"},{"@type":"ListItem","position":2,"name":"Impressum"}]},{"@type":"WebSite","@id":"https:\/\/www.vetpro.at\/#website","url":"https:\/\/www.vetpro.at\/","name":"Veterin\u00e4r-Projekt Ruanda","description":"Future For Pets in Rwanda","publisher":{"@id":"https:\/\/www.vetpro.at\/#organization"},"alternateName":"VetPro","potentialAction":[{"@type":"SearchAction","target":{"@type":"EntryPoint","urlTemplate":"https:\/\/www.vetpro.at\/?s={search_term_string}"},"query-input":{"@type":"PropertyValueSpecification","valueRequired":true,"valueName":"search_term_string"}}],"inLanguage":"en-GB"},{"@type":"Organization","@id":"https:\/\/www.vetpro.at\/#organization","name":"Veterin\u00e4r-Projekt Ruanda","url":"https:\/\/www.vetpro.at\/","logo":{"@type":"ImageObject","inLanguage":"en-GB","@id":"https:\/\/www.vetpro.at\/#\/schema\/logo\/image\/","url":"https:\/\/www.vetpro.at\/wp-content\/uploads\/2022\/12\/VeterinarProjekt-Ruanda-Logo-Web-transp-high-textright.png","contentUrl":"https:\/\/www.vetpro.at\/wp-content\/uploads\/2022\/12\/VeterinarProjekt-Ruanda-Logo-Web-transp-high-textright.png","width":1600,"height":376,"caption":"Veterin\u00e4r-Projekt Ruanda"},"image":{"@id":"https:\/\/www.vetpro.at\/#\/schema\/logo\/image\/"},"sameAs":["https:\/\/linkedin.com\/company\/vetpro-ruanda"]}]}},"campaignId":"","_links":{"self":[{"href":"https:\/\/www.vetpro.at\/en\/wp-json\/wp\/v2\/pages\/1941","targetHints":{"allow":["GET"]}}],"collection":[{"href":"https:\/\/www.vetpro.at\/en\/wp-json\/wp\/v2\/pages"}],"about":[{"href":"https:\/\/www.vetpro.at\/en\/wp-json\/wp\/v2\/types\/page"}],"author":[{"embeddable":true,"href":"https:\/\/www.vetpro.at\/en\/wp-json\/wp\/v2\/users\/3"}],"replies":[{"embeddable":true,"href":"https:\/\/www.vetpro.at\/en\/wp-json\/wp\/v2\/comments?post=1941"}],"version-history":[{"count":41,"href":"https:\/\/www.vetpro.at\/en\/wp-json\/wp\/v2\/pages\/1941\/revisions"}],"predecessor-version":[{"id":7266,"href":"https:\/\/www.vetpro.at\/en\/wp-json\/wp\/v2\/pages\/1941\/revisions\/7266"}],"wp:attachment":[{"href":"https:\/\/www.vetpro.at\/en\/wp-json\/wp\/v2\/media?parent=1941"}],"curies":[{"name":"wp","href":"https:\/\/api.w.org\/{rel}","templated":true}]}}